{"id":673,"date":"2020-01-17T15:26:04","date_gmt":"2020-01-17T15:26:04","guid":{"rendered":"https:\/\/demosites.io\/web-agency\/?page_id=28"},"modified":"2026-04-14T21:37:34","modified_gmt":"2026-04-14T19:37:34","slug":"300f0-web-agency-about","status":"publish","type":"page","link":"http:\/\/strona.nova-ns.eu\/?page_id=673","title":{"rendered":"O nas"},"content":{"rendered":"\t\t<div data-elementor-type=\"wp-page\" data-elementor-id=\"673\" class=\"elementor elementor-673\">\n\t\t\t\t\t\t<section class=\"elementor-section elementor-top-section elementor-element elementor-element-d58ea62 elementor-section-boxed elementor-section-height-default elementor-section-height-default\" data-id=\"d58ea62\" data-element_type=\"section\" data-e-type=\"section\">\n\t\t\t\t\t\t<div class=\"elementor-container elementor-column-gap-default\">\n\t\t\t\t\t<div class=\"elementor-column elementor-col-100 elementor-top-column elementor-element elementor-element-978314f\" data-id=\"978314f\" data-element_type=\"column\" data-e-type=\"column\">\n\t\t\t<div class=\"elementor-widget-wrap elementor-element-populated\">\n\t\t\t\t\t\t<div class=\"elementor-element elementor-element-fe4411c elementor-widget elementor-widget-heading\" data-id=\"fe4411c\" data-element_type=\"widget\" data-e-type=\"widget\" data-widget_type=\"heading.default\">\n\t\t\t\t<div class=\"elementor-widget-container\">\n\t\t\t\t\t<h3 class=\"elementor-heading-title elementor-size-default\">O Nas<\/h3>\t\t\t\t<\/div>\n\t\t\t\t<\/div>\n\t\t\t\t\t<\/div>\n\t\t<\/div>\n\t\t\t\t\t<\/div>\n\t\t<\/section>\n\t\t\t\t<section class=\"elementor-section elementor-top-section elementor-element elementor-element-4289a2a elementor-section-content-middle elementor-section-boxed elementor-section-height-default elementor-section-height-default\" data-id=\"4289a2a\" data-element_type=\"section\" data-e-type=\"section\" data-settings=\"{&quot;background_background&quot;:&quot;classic&quot;}\">\n\t\t\t\t\t\t<div class=\"elementor-container elementor-column-gap-default\">\n\t\t\t\t\t<div class=\"elementor-column elementor-col-50 elementor-top-column elementor-element elementor-element-180b719\" data-id=\"180b719\" data-element_type=\"column\" data-e-type=\"column\">\n\t\t\t<div class=\"elementor-widget-wrap elementor-element-populated\">\n\t\t\t\t\t\t<div class=\"elementor-element elementor-element-9c76e5e elementor-widget elementor-widget-image\" data-id=\"9c76e5e\" data-element_type=\"widget\" data-e-type=\"widget\" data-widget_type=\"image.default\">\n\t\t\t\t<div class=\"elementor-widget-container\">\n\t\t\t\t\t\t\t\t\t\t\t\t\t\t\t<img decoding=\"async\" width=\"439\" height=\"73\" src=\"http:\/\/strona.nova-ns.eu\/wp-content\/uploads\/2021\/03\/logo.png\" class=\"attachment-large size-large wp-image-18\" alt=\"\" srcset=\"http:\/\/strona.nova-ns.eu\/wp-content\/uploads\/2021\/03\/logo.png 439w, http:\/\/strona.nova-ns.eu\/wp-content\/uploads\/2021\/03\/logo-300x50.png 300w\" sizes=\"(max-width: 439px) 100vw, 439px\" \/>\t\t\t\t\t\t\t\t\t\t\t\t\t\t\t<\/div>\n\t\t\t\t<\/div>\n\t\t\t\t\t<\/div>\n\t\t<\/div>\n\t\t\t\t<div class=\"elementor-column elementor-col-50 elementor-top-column elementor-element elementor-element-b10cbf9\" data-id=\"b10cbf9\" data-element_type=\"column\" data-e-type=\"column\">\n\t\t\t<div class=\"elementor-widget-wrap elementor-element-populated\">\n\t\t\t\t\t\t<div class=\"elementor-element elementor-element-291533d elementor-widget elementor-widget-heading\" data-id=\"291533d\" data-element_type=\"widget\" data-e-type=\"widget\" data-widget_type=\"heading.default\">\n\t\t\t\t<div class=\"elementor-widget-container\">\n\t\t\t\t\t<h2 class=\"elementor-heading-title elementor-size-default\">NOVA<\/h2>\t\t\t\t<\/div>\n\t\t\t\t<\/div>\n\t\t\t\t<div class=\"elementor-element elementor-element-e479d2f elementor-widget elementor-widget-text-editor\" data-id=\"e479d2f\" data-element_type=\"widget\" data-e-type=\"widget\" data-widget_type=\"text-editor.default\">\n\t\t\t\t<div class=\"elementor-widget-container\">\n\t\t\t\t\t\t\t\t\t<p>NOVA Sp\u00f3\u0142ka z ograniczon\u0105 odpowiedzialno\u015bci\u0105 w Nowym S\u0105czu<\/p>\n<p>wpisano do Krajowego Rejestru S\u0105dowego przy S\u0105dzie Rejonowym Dla Krakowa \u015ar\u00f3dmie\u015bcie w Krakowie nr KRS 0000078915<\/p>\n<p>Kapita\u0142 zak\u0142adowy sp\u00f3\u0142ki 25.274.000<span style=\"font-size: 1.1em; font-family: Poppins, var(--nv-fallback-ff); letter-spacing: 0px;\">&nbsp;z\u0142<\/span><\/p>\t\t\t\t\t\t\t\t<\/div>\n\t\t\t\t<\/div>\n\t\t\t\t<div class=\"elementor-element elementor-element-5e04df4 elementor-widget elementor-widget-text-editor\" data-id=\"5e04df4\" data-element_type=\"widget\" data-e-type=\"widget\" data-widget_type=\"text-editor.default\">\n\t\t\t\t<div class=\"elementor-widget-container\">\n\t\t\t\t\t\t\t\t\t<p>Konto:\u00a0\u00a0 <b>Santander Bank Polska S.A.<\/b><\/p><p><b>nr rachunku: 23 1090 1665 0000 0001 5833 7750<\/b><\/p><p>NIP: 734-257-01-41 Regon 491873822<\/p><p>Nr ewidencyjny GIO\u015a &#8211; RZSE i E: E0005352Z<\/p><p><span style=\"font-family: Poppins, var(--nv-fallback-ff); letter-spacing: 0px;\">BDO: 000013077<\/span><\/p>\t\t\t\t\t\t\t\t<\/div>\n\t\t\t\t<\/div>\n\t\t\t\t\t<\/div>\n\t\t<\/div>\n\t\t\t\t\t<\/div>\n\t\t<\/section>\n\t\t\t\t<section class=\"elementor-section elementor-top-section elementor-element elementor-element-834445e elementor-section-boxed elementor-section-height-default elementor-section-height-default\" data-id=\"834445e\" data-element_type=\"section\" data-e-type=\"section\">\n\t\t\t\t\t\t<div class=\"elementor-container elementor-column-gap-default\">\n\t\t\t\t\t<div class=\"elementor-column elementor-col-100 elementor-top-column elementor-element elementor-element-b6760f2\" data-id=\"b6760f2\" data-element_type=\"column\" data-e-type=\"column\">\n\t\t\t<div class=\"elementor-widget-wrap elementor-element-populated\">\n\t\t\t\t\t\t<div class=\"elementor-element elementor-element-85a8e33 elementor-position-inline-start elementor-view-default elementor-mobile-position-block-start elementor-widget elementor-widget-icon-box\" data-id=\"85a8e33\" data-element_type=\"widget\" data-e-type=\"widget\" data-widget_type=\"icon-box.default\">\n\t\t\t\t<div class=\"elementor-widget-container\">\n\t\t\t\t\t\t\t<div class=\"elementor-icon-box-wrapper\">\n\n\t\t\t\t\t\t<div class=\"elementor-icon-box-icon\">\n\t\t\t\t<span  class=\"elementor-icon\">\n\t\t\t\t<i aria-hidden=\"true\" class=\"fas fa-book\"><\/i>\t\t\t\t<\/span>\n\t\t\t<\/div>\n\t\t\t\n\t\t\t\t\t\t<div class=\"elementor-icon-box-content\">\n\n\t\t\t\t\t\t\t\t\t<h3 class=\"elementor-icon-box-title\">\n\t\t\t\t\t\t<span  >\n\t\t\t\t\t\t\tPodstawa Prawna\t\t\t\t\t\t<\/span>\n\t\t\t\t\t<\/h3>\n\t\t\t\t\n\t\t\t\t\t\t\t\t\t<p class=\"elementor-icon-box-description\">\n\t\t\t\t\t\t<span style=\"font-size: 12.6px\">Uchwa\u0142a Rady Miejskiej z dnia 16 czerwca 1998r. nr LV\/453\/98 w sprawie utworzenia Sp\u00f3\u0142ki prawa handlowego Sk\u0142adowisko Odpad\u00f3w Komunalnych w Nowym S\u0105czu Sp\u00f3\u0142ka z ograniczon\u0105 odpowiedzialno\u015bci\u0105. Akt notarialny z dnia 6 sierpnia 1998r. Miasto Nowy S\u0105cz obj\u0119\u0142o udzia\u0142 100% w Sp\u00f3\u0142ce.\n<\/span><p style=\"margin-top: -5px;margin-bottom: 0px;padding-left: 5px;padding-bottom: 10px;white-space: normal;font-size: 14px;, sans-serif\"><span style=\"color: var( --e-global-color-nvtextcolor );font-size: 0.9em;white-space: pre-wrap;background-color: var(--nv-site-bg);font-family: Poppins, var(--nv-fallback-ff);letter-spacing: 0px\"><\/span><span style=\"color: var( --e-global-color-nvtextcolor );font-size: 0.9em;white-space: pre-wrap;background-color: var(--nv-site-bg);font-family: Poppins, var(--nv-fallback-ff);letter-spacing: 0px\"><\/span><\/p>\t\t\t\t\t<\/p>\n\t\t\t\t\n\t\t\t<\/div>\n\t\t\t\n\t\t<\/div>\n\t\t\t\t\t\t<\/div>\n\t\t\t\t<\/div>\n\t\t\t\t\t<\/div>\n\t\t<\/div>\n\t\t\t\t\t<\/div>\n\t\t<\/section>\n\t\t\t\t<section class=\"elementor-section elementor-top-section elementor-element elementor-element-2353db2 elementor-section-content-middle elementor-section-boxed elementor-section-height-default elementor-section-height-default\" data-id=\"2353db2\" data-element_type=\"section\" data-e-type=\"section\" data-settings=\"{&quot;background_background&quot;:&quot;classic&quot;}\">\n\t\t\t\t\t\t<div class=\"elementor-container elementor-column-gap-default\">\n\t\t\t\t\t<div class=\"elementor-column elementor-col-100 elementor-top-column elementor-element elementor-element-f79816b\" data-id=\"f79816b\" data-element_type=\"column\" data-e-type=\"column\">\n\t\t\t<div class=\"elementor-widget-wrap elementor-element-populated\">\n\t\t\t\t\t\t<div class=\"elementor-element elementor-element-9a801d9 elementor-widget elementor-widget-heading\" data-id=\"9a801d9\" data-element_type=\"widget\" data-e-type=\"widget\" data-widget_type=\"heading.default\">\n\t\t\t\t<div class=\"elementor-widget-container\">\n\t\t\t\t\t<h2 class=\"elementor-heading-title elementor-size-default\">Historia<\/h2>\t\t\t\t<\/div>\n\t\t\t\t<\/div>\n\t\t\t\t<div class=\"elementor-element elementor-element-41e7da5 elementor-widget elementor-widget-text-editor\" data-id=\"41e7da5\" data-element_type=\"widget\" data-e-type=\"widget\" data-widget_type=\"text-editor.default\">\n\t\t\t\t<div class=\"elementor-widget-container\">\n\t\t\t\t\t\t\t\t\t<p><span style=\"font-family: Poppins, var(--nv-fallback-ff); font-size: 1.2em; letter-spacing: 0px;\">Sp\u00f3\u0142ka Sk\u0142adowisko Odpad\u00f3w Komunalnych w Nowym S\u0105czu Sp. z o.o. zosta\u0142a utworzona w 1998r. dla potrzeb zarz\u0105dzania obiektem komunalnym w Nowym S\u0105czu przy ul. Tarnowskiej 120 s\u0142u\u017c\u0105cym zorganizowanemu unieszkodliwianiu odpad\u00f3w komunalnych. Od 2001r. maj\u0105tek Sp\u00f3\u0142ki zosta\u0142 podwy\u017cszony o warto\u015b\u0107 terenu zamkni\u0119tego sk\u0142adowiska odpad\u00f3w komunalnych przy ul. Brzeziny w Nowym S\u0105czu.<\/span><\/p><p><span style=\"font-size: 1.2em; font-family: Poppins, var(--nv-fallback-ff); letter-spacing: 0px;\">W 2003 roku zosta\u0142a oddana do eksploatacji II niecka na sk\u0142adowisku przy ul. Tarnowskiej. Podczas budowy zosta\u0142y u\u017cyte najlepsze dost\u0119pne technologie w celu zabezpieczenia \u015brodowiska przed mo\u017cliwo\u015bci\u0105 jego ska\u017cenia.<\/span><\/p><p><span style=\"font-size: 1.2em; font-family: Poppins, var(--nv-fallback-ff); letter-spacing: 0px;\">Rok 2007 to dynamiczny rozw\u00f3j sp\u00f3\u0142ki i inwestycje. Rozpocz\u0119to budow\u0119 modu\u0142owej linii sortowniczej do segregacji odpad\u00f3w komunalnych wraz z infrastruktur\u0105. Zakupione zosta\u0142y pojemniki do zbi\u00f3rki odpad\u00f3w i samochody transportowe.<\/span><\/p><p><span style=\"font-size: 1.2em; font-family: Poppins, var(--nv-fallback-ff); letter-spacing: 0px;\">W 2008 roku Sp\u00f3\u0142ka rozpocz\u0119\u0142a odbi\u00f3r odpad\u00f3w od os\u00f3b fizycznych i instytucjonalnych.<\/span><\/p><p>W zwi\u0105zku z rozwojem Sp\u00f3\u0142ki i rozszerzeniem zakresu dzia\u0142alno\u015bci z dniem 18 marca 2008 roku, Sp\u00f3\u0142ka Sk\u0142adowisko Odpad\u00f3w Komunalnych w Nowym S\u0105czu zmieni\u0142a nazw\u0119 na NOVA Sp\u00f3\u0142ka z o.o<\/p>\t\t\t\t\t\t\t\t<\/div>\n\t\t\t\t<\/div>\n\t\t\t\t\t<\/div>\n\t\t<\/div>\n\t\t\t\t\t<\/div>\n\t\t<\/section>\n\t\t\t\t<section class=\"elementor-section elementor-top-section elementor-element elementor-element-a048956 elementor-section-boxed elementor-section-height-default elementor-section-height-default\" data-id=\"a048956\" data-element_type=\"section\" data-e-type=\"section\" data-settings=\"{&quot;background_background&quot;:&quot;classic&quot;}\">\n\t\t\t\t\t\t<div class=\"elementor-container elementor-column-gap-default\">\n\t\t\t\t\t<div class=\"elementor-column elementor-col-50 elementor-top-column elementor-element elementor-element-76a08e3\" data-id=\"76a08e3\" data-element_type=\"column\" data-e-type=\"column\" data-settings=\"{&quot;background_background&quot;:&quot;classic&quot;}\">\n\t\t\t<div class=\"elementor-widget-wrap\">\n\t\t\t\t\t\t\t<\/div>\n\t\t<\/div>\n\t\t\t\t<div class=\"elementor-column elementor-col-50 elementor-top-column elementor-element elementor-element-5a44266\" data-id=\"5a44266\" data-element_type=\"column\" data-e-type=\"column\" data-settings=\"{&quot;background_background&quot;:&quot;classic&quot;}\">\n\t\t\t<div class=\"elementor-widget-wrap elementor-element-populated\">\n\t\t\t\t\t\t\t<\/div>\n\t\t<\/div>\n\t\t\t\t\t<\/div>\n\t\t<\/section>\n\t\t\t\t<section class=\"elementor-section elementor-top-section elementor-element elementor-element-e50dc55 elementor-section-content-middle elementor-section-boxed elementor-section-height-default elementor-section-height-default\" data-id=\"e50dc55\" data-element_type=\"section\" data-e-type=\"section\" data-settings=\"{&quot;background_background&quot;:&quot;classic&quot;}\">\n\t\t\t\t\t\t<div class=\"elementor-container elementor-column-gap-default\">\n\t\t\t\t\t<div class=\"elementor-column elementor-col-100 elementor-top-column elementor-element elementor-element-d669a9d\" data-id=\"d669a9d\" data-element_type=\"column\" data-e-type=\"column\">\n\t\t\t<div class=\"elementor-widget-wrap elementor-element-populated\">\n\t\t\t\t\t\t<div class=\"elementor-element elementor-element-8718676 elementor-widget elementor-widget-heading\" data-id=\"8718676\" data-element_type=\"widget\" data-e-type=\"widget\" data-widget_type=\"heading.default\">\n\t\t\t\t<div class=\"elementor-widget-container\">\n\t\t\t\t\t<h2 class=\"elementor-heading-title elementor-size-default\">Misja<\/h2>\t\t\t\t<\/div>\n\t\t\t\t<\/div>\n\t\t\t\t<div class=\"elementor-element elementor-element-eb29d97 elementor-widget elementor-widget-text-editor\" data-id=\"eb29d97\" data-element_type=\"widget\" data-e-type=\"widget\" data-widget_type=\"text-editor.default\">\n\t\t\t\t<div class=\"elementor-widget-container\">\n\t\t\t\t\t\t\t\t\t<p><span style=\"font-size: 24.48px;\">Zasadniczym celem dzia\u0142alno\u015bci Sp\u00f3\u0142ki jest prowadzenie kompleksowej gospodarki odpadami obejmuj\u0105cej zbi\u00f3rk\u0119 odpad\u00f3w, segregacj\u0119, odzysk i zagospodarowanie odpad\u00f3w deponowanych na sk\u0142adowisku ze szczeg\u00f3lnym uwzgl\u0119dnieniem aspekt\u00f3w ochrony \u015brodowiska naturalnego. Dzia\u0142ania Sp\u00f3\u0142ki zmierzaj\u0105 do tworzenia mocnej podstawy do budowy zr\u00f3wnowa\u017conego rozwoju spo\u0142eczno-gospodarczego lokalnej spo\u0142eczno\u015bci opartego na partnerstwie i wiedzy ekologicznej.Dzia\u0142alno\u015b\u0107<\/span><\/p><p><span style=\"font-size: 24.48px;\">\u00a0<\/span><\/p><p><span style=\"font-size: 24.48px;\">Sp\u00f3\u0142ka posiada wszystkie wymagane prawem polskim i wsp\u00f3lnotowym pozwolenia, koncesje i uprawnienia do prowadzenia dzia\u0142alno\u015bci gospodarczej w zakresie kompleksowej gospodarki odpadami i pomocniczej.<\/span><\/p><p><span style=\"font-size: 24.48px;\">\u00a0<\/span><\/p><p><span style=\"font-size: 24.48px;\">Ca\u0142y obiekt sk\u0142adowiska jest monitorowany a badania wykonywane s\u0105 przez akredytowane laboratorium posiadaj\u0105ce wdro\u017cony system jako\u015bci. Wszystkie odpady dostarczane na sk\u0142adowisko s\u0105 ewidencjonowane pod wzgl\u0119dem ilo\u015bci i rodzaju odpad\u00f3w. Do ewidencji odpad\u00f3w s\u0142u\u017cy komputerowy system wagowo-ewidencyjny. Sp\u00f3\u0142ka realizuje swoje dzia\u0142ania poprzez wdro\u017cenie nowoczesnego systemu gospodarki odpadami obejmuj\u0105ce miasto Nowy S\u0105cz i gminy powiatu Nowos\u0105deckiego, zgodne z obowi\u0105zuj\u0105cym prawodawstwem , a tak\u017ce z oczekiwaniami mieszka\u0144c\u00f3w S\u0105decczyzny. Podejmowane dzia\u0142ania maj\u0105 charakter proekologiczny i edukacyjny. Sp\u00f3\u0142ka przywi\u0105zuje du\u017c\u0105 wag\u0119 do zagadnie\u0144 szeroko rozumianej ochrony \u015brodowiska naturalnego. Realizowane nowe inwestycje obejmuj\u0105ce linie segregacji odpad\u00f3w, odgazowanie z energetycznym wykorzystaniem biogazu, stacje rozbi\u00f3rki odpad\u00f3w wielkogabarytowych i zu\u017cytego sprz\u0119tu RTV i AGD, opr\u00f3cz efekt\u00f3w czysto ekologicznych, tworz\u0105 mocn\u0105 podstaw\u0119 do budowy zr\u00f3wnowa\u017conego rozwoju.<\/span><\/p>\t\t\t\t\t\t\t\t<\/div>\n\t\t\t\t<\/div>\n\t\t\t\t\t<\/div>\n\t\t<\/div>\n\t\t\t\t\t<\/div>\n\t\t<\/section>\n\t\t\t\t<section class=\"elementor-section elementor-top-section elementor-element elementor-element-186e343 elementor-section-boxed elementor-section-height-default elementor-section-height-default\" data-id=\"186e343\" data-element_type=\"section\" data-e-type=\"section\">\n\t\t\t\t\t\t<div class=\"elementor-container elementor-column-gap-default\">\n\t\t\t\t\t<div class=\"elementor-column elementor-col-100 elementor-top-column elementor-element elementor-element-c49512d\" data-id=\"c49512d\" data-element_type=\"column\" data-e-type=\"column\">\n\t\t\t<div class=\"elementor-widget-wrap\">\n\t\t\t\t\t\t\t<\/div>\n\t\t<\/div>\n\t\t\t\t\t<\/div>\n\t\t<\/section>\n\t\t\t\t<section class=\"elementor-section elementor-top-section elementor-element elementor-element-ab9854e elementor-section-boxed elementor-section-height-default elementor-section-height-default\" data-id=\"ab9854e\" data-element_type=\"section\" data-e-type=\"section\">\n\t\t\t\t\t\t<div class=\"elementor-container elementor-column-gap-default\">\n\t\t\t\t\t<div class=\"elementor-column elementor-col-100 elementor-top-column elementor-element elementor-element-21e2529\" data-id=\"21e2529\" data-element_type=\"column\" data-e-type=\"column\">\n\t\t\t<div class=\"elementor-widget-wrap elementor-element-populated\">\n\t\t\t\t\t\t<div class=\"elementor-element elementor-element-6fae67c elementor-widget elementor-widget-video\" data-id=\"6fae67c\" data-element_type=\"widget\" data-e-type=\"widget\" data-settings=\"{&quot;video_type&quot;:&quot;hosted&quot;,&quot;controls&quot;:&quot;yes&quot;}\" data-widget_type=\"video.default\">\n\t\t\t\t<div class=\"elementor-widget-container\">\n\t\t\t\t\t\t\t<div class=\"e-hosted-video elementor-wrapper elementor-open-inline\">\n\t\t\t\t\t<video class=\"elementor-video\" src=\"http:\/\/strona.nova-ns.eu\/wp-content\/uploads\/2021\/03\/NOVA_BIO.mp4\" controls=\"\" preload=\"metadata\" controlsList=\"nodownload\"><\/video>\n\t\t\t\t<\/div>\n\t\t\t\t\t\t<\/div>\n\t\t\t\t<\/div>\n\t\t\t\t\t<\/div>\n\t\t<\/div>\n\t\t\t\t\t<\/div>\n\t\t<\/section>\n\t\t\t\t<\/div>\n\t\t","protected":false},"excerpt":{"rendered":"<p>O Nas NOVA NOVA Sp\u00f3\u0142ka z ograniczon\u0105 odpowiedzialno\u015bci\u0105 w Nowym S\u0105czu wpisano do Krajowego Rejestru S\u0105dowego przy S\u0105dzie Rejonowym Dla Krakowa \u015ar\u00f3dmie\u015bcie w Krakowie nr KRS 0000078915 Kapita\u0142 zak\u0142adowy sp\u00f3\u0142ki 25.274.000&nbsp;z\u0142 Konto:\u00a0\u00a0 Santander Bank Polska S.A. nr rachunku: 23 1090 1665 0000 0001 5833 7750 NIP: 734-257-01-41 Regon 491873822 Nr ewidencyjny GIO\u015a &#8211; RZSE i&hellip;&nbsp;<a href=\"http:\/\/strona.nova-ns.eu\/?page_id=673\" class=\"\" rel=\"bookmark\">Czytaj wi\u0119cej &raquo;<span class=\"screen-reader-text\">O nas<\/span><\/a><\/p>\n","protected":false},"author":1,"featured_media":0,"parent":0,"menu_order":0,"comment_status":"closed","ping_status":"closed","template":"elementor_header_footer","meta":{"neve_meta_sidebar":"full-width","neve_meta_container":"","neve_meta_enable_content_width":"on","neve_meta_content_width":100,"neve_meta_title_alignment":"","neve_meta_author_avatar":"","neve_post_elements_order":"","neve_meta_disable_header":"","neve_meta_disable_footer":"","neve_meta_disable_title":"","footnotes":""},"class_list":["post-673","page","type-page","status-publish","hentry"],"_links":{"self":[{"href":"http:\/\/strona.nova-ns.eu\/index.php?rest_route=\/wp\/v2\/pages\/673","targetHints":{"allow":["GET"]}}],"collection":[{"href":"http:\/\/strona.nova-ns.eu\/index.php?rest_route=\/wp\/v2\/pages"}],"about":[{"href":"http:\/\/strona.nova-ns.eu\/index.php?rest_route=\/wp\/v2\/types\/page"}],"author":[{"embeddable":true,"href":"http:\/\/strona.nova-ns.eu\/index.php?rest_route=\/wp\/v2\/users\/1"}],"replies":[{"embeddable":true,"href":"http:\/\/strona.nova-ns.eu\/index.php?rest_route=%2Fwp%2Fv2%2Fcomments&post=673"}],"version-history":[{"count":37,"href":"http:\/\/strona.nova-ns.eu\/index.php?rest_route=\/wp\/v2\/pages\/673\/revisions"}],"predecessor-version":[{"id":1986,"href":"http:\/\/strona.nova-ns.eu\/index.php?rest_route=\/wp\/v2\/pages\/673\/revisions\/1986"}],"wp:attachment":[{"href":"http:\/\/strona.nova-ns.eu\/index.php?rest_route=%2Fwp%2Fv2%2Fmedia&parent=673"}],"curies":[{"name":"wp","href":"https:\/\/api.w.org\/{rel}","templated":true}]}}