{"id":676,"date":"2020-01-17T15:28:09","date_gmt":"2020-01-17T15:28:09","guid":{"rendered":"https:\/\/demosites.io\/web-agency\/?page_id=32"},"modified":"2025-01-07T18:42:27","modified_gmt":"2025-01-07T17:42:27","slug":"300f0-web-agency-portfolio-single","status":"publish","type":"page","link":"http:\/\/strona.nova-ns.eu\/?page_id=676","title":{"rendered":"Wyw\u00f3z nieczysto\u015bci p\u0142ynnych"},"content":{"rendered":"\t\t<div data-elementor-type=\"wp-page\" data-elementor-id=\"676\" class=\"elementor elementor-676\">\n\t\t\t\t\t\t<section class=\"elementor-section elementor-top-section elementor-element elementor-element-95dfe33 elementor-section-boxed elementor-section-height-default elementor-section-height-default\" data-id=\"95dfe33\" data-element_type=\"section\" data-e-type=\"section\">\n\t\t\t\t\t\t<div class=\"elementor-container elementor-column-gap-default\">\n\t\t\t\t\t<div class=\"elementor-column elementor-col-50 elementor-top-column elementor-element elementor-element-a926e3d\" data-id=\"a926e3d\" data-element_type=\"column\" data-e-type=\"column\">\n\t\t\t<div class=\"elementor-widget-wrap elementor-element-populated\">\n\t\t\t\t\t\t<div class=\"elementor-element elementor-element-b052411 elementor-widget elementor-widget-heading\" data-id=\"b052411\" data-element_type=\"widget\" data-e-type=\"widget\" data-widget_type=\"heading.default\">\n\t\t\t\t<div class=\"elementor-widget-container\">\n\t\t\t\t\t<h2 class=\"elementor-heading-title elementor-size-default\">Wyw\u00f3z nieczysto\u015bci p\u0142ynnych\n<\/h2>\t\t\t\t<\/div>\n\t\t\t\t<\/div>\n\t\t\t\t\t<\/div>\n\t\t<\/div>\n\t\t\t\t<div class=\"elementor-column elementor-col-50 elementor-top-column elementor-element elementor-element-46c5b2b\" data-id=\"46c5b2b\" data-element_type=\"column\" data-e-type=\"column\">\n\t\t\t<div class=\"elementor-widget-wrap\">\n\t\t\t\t\t\t\t<\/div>\n\t\t<\/div>\n\t\t\t\t\t<\/div>\n\t\t<\/section>\n\t\t\t\t<section class=\"elementor-section elementor-top-section elementor-element elementor-element-3c6591e elementor-section-boxed elementor-section-height-default elementor-section-height-default\" data-id=\"3c6591e\" data-element_type=\"section\" data-e-type=\"section\" data-settings=\"{&quot;background_background&quot;:&quot;classic&quot;}\">\n\t\t\t\t\t\t<div class=\"elementor-container elementor-column-gap-default\">\n\t\t\t\t\t<div class=\"elementor-column elementor-col-100 elementor-top-column elementor-element elementor-element-95e3364\" data-id=\"95e3364\" data-element_type=\"column\" data-e-type=\"column\">\n\t\t\t<div class=\"elementor-widget-wrap elementor-element-populated\">\n\t\t\t\t\t\t<section class=\"elementor-section elementor-inner-section elementor-element elementor-element-a6e9fc1 elementor-section-boxed elementor-section-height-default elementor-section-height-default\" data-id=\"a6e9fc1\" data-element_type=\"section\" data-e-type=\"section\">\n\t\t\t\t\t\t<div class=\"elementor-container elementor-column-gap-default\">\n\t\t\t\t\t<div class=\"elementor-column elementor-col-100 elementor-inner-column elementor-element elementor-element-cb297ed\" data-id=\"cb297ed\" data-element_type=\"column\" data-e-type=\"column\">\n\t\t\t<div class=\"elementor-widget-wrap elementor-element-populated\">\n\t\t\t\t\t\t<div class=\"elementor-element elementor-element-d0e307c elementor-widget elementor-widget-text-editor\" data-id=\"d0e307c\" data-element_type=\"widget\" data-e-type=\"widget\" data-widget_type=\"text-editor.default\">\n\t\t\t\t<div class=\"elementor-widget-container\">\n\t\t\t\t\t\t\t\t\t<h3>CENNIK JEDNORAZOWEJ US\u0141UGI ODBIORU I TRANSPORTU NIECZYSTO\u015aCI CIEK\u0141YCH<\/h3>\n<p>Informacje dotycz\u0105ce us\u0142ugi pod numerem: 18 400 03 05, od poniedzia\u0142ku do pi\u0105tku, w godzinach 7:00 &#8211; 15:00.<\/p><p><\/p><p>W zwi\u0105zku z uchyleniem Uchwa\u0142y nr XLI\/408\/2017 Rady Miasta Nowego S\u0105cza<\/p><p>z dnia 23 maja 2017 r. Sp\u00f3\u0142ka NOVA informuje o mo\u017cliwo\u015bci wywozu nieczysto\u015bci ciek\u0142ych wg poni\u017cszych stawek:<\/p>\t\t\t\t\t\t\t\t<\/div>\n\t\t\t\t<\/div>\n\t\t\t\t\t<\/div>\n\t\t<\/div>\n\t\t\t\t\t<\/div>\n\t\t<\/section>\n\t\t\t\t\t<\/div>\n\t\t<\/div>\n\t\t\t\t\t<\/div>\n\t\t<\/section>\n\t\t\t\t<section class=\"elementor-section elementor-top-section elementor-element elementor-element-74fb0c3 elementor-section-boxed elementor-section-height-default elementor-section-height-default\" data-id=\"74fb0c3\" data-element_type=\"section\" data-e-type=\"section\">\n\t\t\t\t\t\t<div class=\"elementor-container elementor-column-gap-default\">\n\t\t\t\t\t<div class=\"elementor-column elementor-col-100 elementor-top-column elementor-element elementor-element-746586d\" data-id=\"746586d\" data-element_type=\"column\" data-e-type=\"column\">\n\t\t\t<div class=\"elementor-widget-wrap elementor-element-populated\">\n\t\t\t\t\t\t<section class=\"elementor-section elementor-inner-section elementor-element elementor-element-f1f1c16 elementor-section-boxed elementor-section-height-default elementor-section-height-default\" data-id=\"f1f1c16\" data-element_type=\"section\" data-e-type=\"section\">\n\t\t\t\t\t\t<div class=\"elementor-container elementor-column-gap-default\">\n\t\t\t\t\t<div class=\"elementor-column elementor-col-50 elementor-inner-column elementor-element elementor-element-44c0173\" data-id=\"44c0173\" data-element_type=\"column\" data-e-type=\"column\">\n\t\t\t<div class=\"elementor-widget-wrap elementor-element-populated\">\n\t\t\t\t\t\t<div class=\"elementor-element elementor-element-44de17e elementor-widget elementor-widget-text-editor\" data-id=\"44de17e\" data-element_type=\"widget\" data-e-type=\"widget\" data-widget_type=\"text-editor.default\">\n\t\t\t\t<div class=\"elementor-widget-container\">\n\t\t\t\t\t\t\t\t\t<h2>do 5 m3<\/h2><div><span style=\"color: #959595;\">Odbi\u00f3r i transport nieczysto\u015bci ciek\u0142ych<\/span><\/div><div><span style=\"color: #959595; background-color: var(--nv-site-bg); font-family: Poppins, var(--nv-fallback-ff); letter-spacing: 0px;\">\u00a0\u00a0<\/span><\/div><div><span style=\"color: #959595; background-color: var(--nv-site-bg); font-family: Poppins, var(--nv-fallback-ff); letter-spacing: 0px;\">\u00a0<\/span><\/div>\t\t\t\t\t\t\t\t<\/div>\n\t\t\t\t<\/div>\n\t\t\t\t<div class=\"elementor-element elementor-element-df8bf91 elementor-button-info elementor-align-justify elementor-widget elementor-widget-button\" data-id=\"df8bf91\" data-element_type=\"widget\" data-e-type=\"widget\" data-widget_type=\"button.default\">\n\t\t\t\t<div class=\"elementor-widget-container\">\n\t\t\t\t\t\t\t\t\t<div class=\"elementor-button-wrapper\">\n\t\t\t\t\t<a class=\"elementor-button elementor-button-link elementor-size-xs\" href=\"#\">\n\t\t\t\t\t\t<span class=\"elementor-button-content-wrapper\">\n\t\t\t\t\t\t\t\t\t<span class=\"elementor-button-text\">162,60 z\u0142 netto<\/span>\n\t\t\t\t\t<\/span>\n\t\t\t\t\t<\/a>\n\t\t\t\t<\/div>\n\t\t\t\t\t\t\t\t<\/div>\n\t\t\t\t<\/div>\n\t\t\t\t<div class=\"elementor-element elementor-element-09548b7 elementor-button-info elementor-align-justify elementor-widget elementor-widget-button\" data-id=\"09548b7\" data-element_type=\"widget\" data-e-type=\"widget\" data-widget_type=\"button.default\">\n\t\t\t\t<div class=\"elementor-widget-container\">\n\t\t\t\t\t\t\t\t\t<div class=\"elementor-button-wrapper\">\n\t\t\t\t\t<a class=\"elementor-button elementor-button-link elementor-size-xs\" href=\"#\">\n\t\t\t\t\t\t<span class=\"elementor-button-content-wrapper\">\n\t\t\t\t\t\t\t\t\t<span class=\"elementor-button-text\">200  z\u0142 brutto<\/span>\n\t\t\t\t\t<\/span>\n\t\t\t\t\t<\/a>\n\t\t\t\t<\/div>\n\t\t\t\t\t\t\t\t<\/div>\n\t\t\t\t<\/div>\n\t\t\t\t\t<\/div>\n\t\t<\/div>\n\t\t\t\t<div class=\"elementor-column elementor-col-50 elementor-inner-column elementor-element elementor-element-65721a8\" data-id=\"65721a8\" data-element_type=\"column\" data-e-type=\"column\">\n\t\t\t<div class=\"elementor-widget-wrap elementor-element-populated\">\n\t\t\t\t\t\t<div class=\"elementor-element elementor-element-38fdc12 elementor-widget elementor-widget-text-editor\" data-id=\"38fdc12\" data-element_type=\"widget\" data-e-type=\"widget\" data-widget_type=\"text-editor.default\">\n\t\t\t\t<div class=\"elementor-widget-container\">\n\t\t\t\t\t\t\t\t\t<h2>od 5.1 do 8 m3<\/h2><div><span style=\"color: #959595;\">Odbi\u00f3r i transport nieczysto\u015bci ciek\u0142ych<\/span><span style=\"color: #959595;\"><br \/><\/span><\/div><div><span style=\"color: #959595; background-color: var(--nv-site-bg); font-family: Poppins, var(--nv-fallback-ff); letter-spacing: 0px;\">\u00a0<\/span><\/div><div><span style=\"color: #959595; background-color: var(--nv-site-bg); font-family: Poppins, var(--nv-fallback-ff); letter-spacing: 0px;\">\u00a0<\/span><\/div>\t\t\t\t\t\t\t\t<\/div>\n\t\t\t\t<\/div>\n\t\t\t\t<div class=\"elementor-element elementor-element-475fbfc elementor-button-info elementor-align-justify elementor-widget elementor-widget-button\" data-id=\"475fbfc\" data-element_type=\"widget\" data-e-type=\"widget\" data-widget_type=\"button.default\">\n\t\t\t\t<div class=\"elementor-widget-container\">\n\t\t\t\t\t\t\t\t\t<div class=\"elementor-button-wrapper\">\n\t\t\t\t\t<a class=\"elementor-button elementor-button-link elementor-size-xs\" href=\"#\">\n\t\t\t\t\t\t<span class=\"elementor-button-content-wrapper\">\n\t\t\t\t\t\t\t\t\t<span class=\"elementor-button-text\">243,90 z\u0142 netto<\/span>\n\t\t\t\t\t<\/span>\n\t\t\t\t\t<\/a>\n\t\t\t\t<\/div>\n\t\t\t\t\t\t\t\t<\/div>\n\t\t\t\t<\/div>\n\t\t\t\t<div class=\"elementor-element elementor-element-2b2b5d1 elementor-button-info elementor-align-justify elementor-widget elementor-widget-button\" data-id=\"2b2b5d1\" data-element_type=\"widget\" data-e-type=\"widget\" data-widget_type=\"button.default\">\n\t\t\t\t<div class=\"elementor-widget-container\">\n\t\t\t\t\t\t\t\t\t<div class=\"elementor-button-wrapper\">\n\t\t\t\t\t<a class=\"elementor-button elementor-button-link elementor-size-xs\" href=\"#\">\n\t\t\t\t\t\t<span class=\"elementor-button-content-wrapper\">\n\t\t\t\t\t\t\t\t\t<span class=\"elementor-button-text\">300 z\u0142 brutto<\/span>\n\t\t\t\t\t<\/span>\n\t\t\t\t\t<\/a>\n\t\t\t\t<\/div>\n\t\t\t\t\t\t\t\t<\/div>\n\t\t\t\t<\/div>\n\t\t\t\t\t<\/div>\n\t\t<\/div>\n\t\t\t\t\t<\/div>\n\t\t<\/section>\n\t\t\t\t\t<\/div>\n\t\t<\/div>\n\t\t\t\t\t<\/div>\n\t\t<\/section>\n\t\t\t\t<section class=\"elementor-section elementor-top-section elementor-element elementor-element-6030176 elementor-section-boxed elementor-section-height-default elementor-section-height-default\" data-id=\"6030176\" data-element_type=\"section\" data-e-type=\"section\">\n\t\t\t\t\t\t<div class=\"elementor-container elementor-column-gap-default\">\n\t\t\t\t\t<div class=\"elementor-column elementor-col-100 elementor-top-column elementor-element elementor-element-31fe45a\" data-id=\"31fe45a\" data-element_type=\"column\" data-e-type=\"column\">\n\t\t\t<div class=\"elementor-widget-wrap elementor-element-populated\">\n\t\t\t\t\t\t<div class=\"elementor-element elementor-element-cb9958b elementor-button-info elementor-align-justify elementor-widget elementor-widget-button\" data-id=\"cb9958b\" data-element_type=\"widget\" data-e-type=\"widget\" data-widget_type=\"button.default\">\n\t\t\t\t<div class=\"elementor-widget-container\">\n\t\t\t\t\t\t\t\t\t<div class=\"elementor-button-wrapper\">\n\t\t\t\t\t<a class=\"elementor-button elementor-button-link elementor-size-xs\" href=\"#\">\n\t\t\t\t\t\t<span class=\"elementor-button-content-wrapper\">\n\t\t\t\t\t\t\t\t\t<span class=\"elementor-button-text\">* Ceny w odleg\u0142o\u015bci do 15 km od Zak\u0142adu Zagospodarowania Odpad\u00f3w ul. Tarowska 120 w Nowym S\u0105czu.     W przypadku odleg\u0142o\u015bci powy\u017cej 15 km, dodatkowa op\u0142ata 40,00 z\u0142 netto do jednego kursu.<\/span>\n\t\t\t\t\t<\/span>\n\t\t\t\t\t<\/a>\n\t\t\t\t<\/div>\n\t\t\t\t\t\t\t\t<\/div>\n\t\t\t\t<\/div>\n\t\t\t\t\t<\/div>\n\t\t<\/div>\n\t\t\t\t\t<\/div>\n\t\t<\/section>\n\t\t\t\t<section class=\"elementor-section elementor-inner-section elementor-element elementor-element-374e8494 elementor-section-boxed elementor-section-height-default elementor-section-height-default\" data-id=\"374e8494\" data-element_type=\"section\" data-e-type=\"section\">\n\t\t\t\t\t\t<div class=\"elementor-container elementor-column-gap-default\">\n\t\t\t\t\t<div class=\"elementor-column elementor-col-100 elementor-inner-column elementor-element elementor-element-489c7fce\" data-id=\"489c7fce\" data-element_type=\"column\" data-e-type=\"column\">\n\t\t\t<div class=\"elementor-widget-wrap elementor-element-populated\">\n\t\t\t\t\t\t<div class=\"elementor-element elementor-element-1d926f76 elementor-widget elementor-widget-image\" data-id=\"1d926f76\" data-element_type=\"widget\" data-e-type=\"widget\" data-widget_type=\"image.default\">\n\t\t\t\t<div class=\"elementor-widget-container\">\n\t\t\t\t\t\t\t\t\t\t\t\t\t\t\t<img decoding=\"async\" width=\"439\" height=\"73\" src=\"http:\/\/strona.nova-ns.eu\/wp-content\/uploads\/2021\/03\/cropped-logo-5.png\" class=\"attachment-large size-large wp-image-696\" alt=\"\" srcset=\"http:\/\/strona.nova-ns.eu\/wp-content\/uploads\/2021\/03\/cropped-logo-5.png 439w, http:\/\/strona.nova-ns.eu\/wp-content\/uploads\/2021\/03\/cropped-logo-5-300x50.png 300w\" sizes=\"(max-width: 439px) 100vw, 439px\" \/>\t\t\t\t\t\t\t\t\t\t\t\t\t\t\t<\/div>\n\t\t\t\t<\/div>\n\t\t\t\t\t<\/div>\n\t\t<\/div>\n\t\t\t\t\t<\/div>\n\t\t<\/section>\n\t\t\t\t<section class=\"elementor-section elementor-top-section elementor-element elementor-element-f15f6ae elementor-section-boxed elementor-section-height-default elementor-section-height-default\" data-id=\"f15f6ae\" data-element_type=\"section\" data-e-type=\"section\">\n\t\t\t\t\t\t<div class=\"elementor-container elementor-column-gap-default\">\n\t\t\t\t\t<div class=\"elementor-column elementor-col-100 elementor-top-column elementor-element elementor-element-2436e0c\" data-id=\"2436e0c\" data-element_type=\"column\" data-e-type=\"column\">\n\t\t\t<div class=\"elementor-widget-wrap elementor-element-populated\">\n\t\t\t\t\t\t<div class=\"elementor-element elementor-element-43c63d6 elementor-widget elementor-widget-text-editor\" data-id=\"43c63d6\" data-element_type=\"widget\" data-e-type=\"widget\" data-widget_type=\"text-editor.default\">\n\t\t\t\t<div class=\"elementor-widget-container\">\n\t\t\t\t\t\t\t\t\t<p>Lorem ipsum dolor sit amet, consectetur adipiscing elit. Ut elit tellus, luctus nec ullamcorper mattis, pulvinar dapibus leo.<\/p>\t\t\t\t\t\t\t\t<\/div>\n\t\t\t\t<\/div>\n\t\t\t\t\t<\/div>\n\t\t<\/div>\n\t\t\t\t\t<\/div>\n\t\t<\/section>\n\t\t\t\t<\/div>\n\t\t","protected":false},"excerpt":{"rendered":"<p>Wyw\u00f3z nieczysto\u015bci p\u0142ynnych CENNIK JEDNORAZOWEJ US\u0141UGI ODBIORU I TRANSPORTU NIECZYSTO\u015aCI CIEK\u0141YCH Informacje dotycz\u0105ce us\u0142ugi pod numerem: 18 400 03 05, od poniedzia\u0142ku do pi\u0105tku, w godzinach 7:00 &#8211; 15:00. W zwi\u0105zku z uchyleniem Uchwa\u0142y nr XLI\/408\/2017 Rady Miasta Nowego S\u0105cza z dnia 23 maja 2017 r. Sp\u00f3\u0142ka NOVA informuje o mo\u017cliwo\u015bci wywozu nieczysto\u015bci ciek\u0142ych wg&hellip;&nbsp;<a href=\"http:\/\/strona.nova-ns.eu\/?page_id=676\" class=\"\" rel=\"bookmark\">Czytaj wi\u0119cej &raquo;<span class=\"screen-reader-text\">Wyw\u00f3z nieczysto\u015bci p\u0142ynnych<\/span><\/a><\/p>\n","protected":false},"author":1,"featured_media":0,"parent":0,"menu_order":0,"comment_status":"closed","ping_status":"closed","template":"","meta":{"neve_meta_sidebar":"full-width","neve_meta_container":"","neve_meta_enable_content_width":"on","neve_meta_content_width":100,"neve_meta_title_alignment":"","neve_meta_author_avatar":"","neve_post_elements_order":"","neve_meta_disable_header":"","neve_meta_disable_footer":"","neve_meta_disable_title":"","footnotes":""},"class_list":["post-676","page","type-page","status-publish","hentry"],"_links":{"self":[{"href":"http:\/\/strona.nova-ns.eu\/index.php?rest_route=\/wp\/v2\/pages\/676","targetHints":{"allow":["GET"]}}],"collection":[{"href":"http:\/\/strona.nova-ns.eu\/index.php?rest_route=\/wp\/v2\/pages"}],"about":[{"href":"http:\/\/strona.nova-ns.eu\/index.php?rest_route=\/wp\/v2\/types\/page"}],"author":[{"embeddable":true,"href":"http:\/\/strona.nova-ns.eu\/index.php?rest_route=\/wp\/v2\/users\/1"}],"replies":[{"embeddable":true,"href":"http:\/\/strona.nova-ns.eu\/index.php?rest_route=%2Fwp%2Fv2%2Fcomments&post=676"}],"version-history":[{"count":23,"href":"http:\/\/strona.nova-ns.eu\/index.php?rest_route=\/wp\/v2\/pages\/676\/revisions"}],"predecessor-version":[{"id":1909,"href":"http:\/\/strona.nova-ns.eu\/index.php?rest_route=\/wp\/v2\/pages\/676\/revisions\/1909"}],"wp:attachment":[{"href":"http:\/\/strona.nova-ns.eu\/index.php?rest_route=%2Fwp%2Fv2%2Fmedia&parent=676"}],"curies":[{"name":"wp","href":"https:\/\/api.w.org\/{rel}","templated":true}]}}